{"id":60,"date":"2021-09-01T20:34:13","date_gmt":"2021-09-01T19:34:13","guid":{"rendered":"https:\/\/gwadamama.wordpress.com\/?page_id=60"},"modified":"2022-03-29T22:15:57","modified_gmt":"2022-03-29T20:15:57","slug":"private-and-corporate-events","status":"publish","type":"page","link":"https:\/\/gwadamama.com\/de\/private-and-corporate-events\/","title":{"rendered":"Private and Corporate Events"},"content":{"rendered":"\r\n<div class=\"wp-block-cover alignfull is-light\"><img decoding=\"async\" class=\"wp-block-cover__image-background wp-image-38\" style=\"object-position: 50% 50%;\" src=\"https:\/\/maywoodstarter.files.wordpress.com\/2020\/06\/louis-hansel-nkmc3kluihu-unsplash-1.jpg\" alt=\"\" data-object-fit=\"cover\" data-object-position=\"50% 50%\" \/>\r\n<div class=\"wp-block-cover__inner-container is-layout-flow wp-block-cover-is-layout-flow\">\r\n<div class=\"wp-block-spacer\" style=\"height: 96px;\" aria-hidden=\"true\">\u00a0<\/div>\r\n\r\n\r\n\r\n<div class=\"wp-block-columns alignwide is-layout-flex wp-container-core-columns-is-layout-28f84493 wp-block-columns-is-layout-flex\">\r\n<div class=\"wp-block-column is-layout-flow wp-block-column-is-layout-flow\">\r\n<h1 id=\"enjoy-our-food-experience\" class=\"has-text-color wp-block-heading\" style=\"color: #f2f46b;\">Enjoy Our Food Experience?<\/h1>\r\n\r\n\r\n\r\n<p class=\"has-text-color\" style=\"color: #f2f46b;\">We don&#8217;t just make food. We make people&#8217;s experience with Gwada Mama<\/p>\r\n\r\n\r\n\r\n<p class=\"has-text-color\" style=\"color: #f2f46b;\">\u00a0<\/p>\r\n\r\n\r\n\r\n<div class=\"wp-block-buttons is-layout-flex wp-block-buttons-is-layout-flex\">\r\n<div class=\"wp-block-button\"><a class=\"wp-block-button__link no-border-radius\" href=\"http:\/\/gwadamama.com\/?page_id=350\">VIEW OUR MENU<\/a><\/div>\r\n<\/div>\r\n<\/div>\r\n\r\n\r\n\r\n<div class=\"wp-block-column is-layout-flow wp-block-column-is-layout-flow\">\u00a0<\/div>\r\n<\/div>\r\n\r\n\r\n\r\n<div class=\"wp-block-spacer\" style=\"height: 96px;\" aria-hidden=\"true\">\u00a0<\/div>\r\n<\/div>\r\n<\/div>\r\n\r\n\r\n\r\n<div class=\"wp-block-group alignfull has-background-background-color has-background is-layout-flow wp-block-group-is-layout-flow\">\r\n<div class=\"wp-block-spacer\" style=\"height: 96px;\" aria-hidden=\"true\">\u00a0<\/div>\r\n\r\n\r\n\r\n<div class=\"wp-block-columns alignwide is-layout-flex wp-container-core-columns-is-layout-28f84493 wp-block-columns-is-layout-flex\">\r\n<div class=\"wp-block-column is-layout-flow wp-block-column-is-layout-flow\">\r\n<p class=\"margin-bottom-half has-bright-blue-color has-text-color has-small-font-size\"><span class=\"uppercase\">OUR STOR<\/span><span class=\"uppercase\">Y<\/span><\/p>\r\n\r\n\r\n\r\n<h2 id=\"welcome\" class=\"has-text-align-left margin-top-half has-bright-blue-color has-text-color wp-block-heading\">Welcome ..<\/h2>\r\n\r\n\r\n\r\n<h2 id=\"gwada-mama\" class=\"has-text-align-left margin-top-half has-bright-blue-color has-text-color wp-block-heading\">Gwada Mama<\/h2>\r\n\r\n\r\n\r\n<p class=\"has-text-align-left has-small-font-size\">Gwada Mama is the most exciting Spicy Street food in Berlin.<\/p>\r\n\r\n\r\n\r\n<p class=\"has-small-font-size\">Gwada Mama ist das aufregendste Spicy Street Food in Berlin.<\/p>\r\n\r\n\r\n\r\n<p class=\"has-small-font-size\">Wie k\u00f6nnen Sie uns kontaktieren? &#8211; Gwada Mama F\u00fcr Feste, Feiern oder andere Events stellen wir Ihnen ein individuelles Angebot zusammen.<\/p>\r\n\r\n\r\n\r\n<p class=\"has-small-font-size\">Unsere Spezialit\u00e4t ist eine k\u00f6stliche K\u00fcche, die mit dem Einfallsreichtum und der Leidenschaft kreiert wird, die von den fantastischen Aromen der franz\u00f6sischen Karibik selbst inspiriert sind. Wir sind sehr stolz darauf, Ihre karibischen Lieblingsgerichte f\u00fcr Vegetarier und Veganer auf neue und kreative Weise zu verbessern.<\/p>\r\n<\/div>\r\n\r\n\r\n\r\n<div class=\"wp-block-column is-layout-flow wp-block-column-is-layout-flow\">\r\n<div class=\"wp-block-spacer\" style=\"height: 64px;\" aria-hidden=\"true\">\u00a0<\/div>\r\n\r\n\r\n\r\n<figure class=\"wp-block-image size-large\"><img decoding=\"async\" class=\"wp-image-129\" src=\"http:\/\/gwadamama.com\/wp-content\/uploads\/2022\/03\/gwadamama_ew3.jpeg?w=540\" alt=\"\" \/>\r\n<figcaption>GWADA MAMA<\/figcaption>\r\n<\/figure>\r\n<\/div>\r\n\r\n\r\n\r\n<div class=\"wp-block-column is-layout-flow wp-block-column-is-layout-flow\">\r\n<figure class=\"wp-block-image size-large is-resized\"><img loading=\"lazy\" decoding=\"async\" class=\"wp-image-44\" src=\"https:\/\/maywoodstarter.files.wordpress.com\/2020\/06\/chef-cook-cooked-1327215.jpg?w=763\" alt=\"\" width=\"295\" height=\"396\" \/><\/figure>\r\n\r\n\r\n\r\n<div class=\"wp-block-spacer\" style=\"height: 64px;\" aria-hidden=\"true\">\u00a0<\/div>\r\n<\/div>\r\n<\/div>\r\n\r\n\r\n\r\n<div class=\"wp-block-spacer\" style=\"height: 96px;\" aria-hidden=\"true\">\u00a0<\/div>\r\n<\/div>\r\n\r\n\r\n\r\n<div class=\"wp-block-cover alignfull is-light\"><img decoding=\"async\" class=\"wp-block-cover__image-background wp-image-40\" style=\"object-position: 50% 50%;\" src=\"https:\/\/maywoodstarter.files.wordpress.com\/2020\/06\/louis-hansel-in24hltoqyi-unsplash.jpg\" alt=\"\" data-object-fit=\"cover\" data-object-position=\"50% 50%\" \/>\r\n<div class=\"wp-block-cover__inner-container is-layout-flow wp-block-cover-is-layout-flow\">\r\n<div class=\"wp-block-spacer\" style=\"height: 96px;\" aria-hidden=\"true\">\u00a0<\/div>\r\n\r\n\r\n\r\n<h2 id=\"discover-our-menu\" class=\"has-text-align-center wp-block-heading\">Discover Our Menu<\/h2>\r\n\r\n\r\n\r\n<p class=\"has-text-align-center has-text-color has-large-font-size\" style=\"color: #f2f46b;\">Our menu is Fusion Afro caribbean cuisines, and the menu changes with the seasons. Be sure to ask about the daily specials!<\/p>\r\n\r\n\r\n\r\n<div class=\"wp-block-buttons is-horizontal is-content-justification-center is-layout-flex wp-container-core-buttons-is-layout-03627597 wp-block-buttons-is-layout-flex\">\r\n<div class=\"wp-block-button aligncenter\"><a class=\"wp-block-button__link no-border-radius\" href=\"http:\/\/gwadamama.com\/?page_id=350\">VIEW OUR MENU<\/a><\/div>\r\n<\/div>\r\n\r\n\r\n\r\n<div class=\"wp-block-spacer\" style=\"height: 96px;\" aria-hidden=\"true\">\u00a0<\/div>\r\n<\/div>\r\n<\/div>\r\n\r\n\r\n\r\n<div class=\"wp-block-group alignfull has-background-background-color has-background is-layout-flow wp-block-group-is-layout-flow\">\r\n<div class=\"wp-block-spacer\" style=\"height: 96px;\" aria-hidden=\"true\">\u00a0<\/div>\r\n\r\n\r\n\r\n<h3 id=\"sample-menu\" class=\"has-text-align-center has-bright-blue-color has-text-color has-x-large-font-size wp-block-heading\">Menu<\/h3>\r\n\r\n\r\n\r\n<div class=\"wp-block-spacer\" style=\"height: 32px;\" aria-hidden=\"true\">\u00a0<\/div>\r\n\r\n\r\n\r\n<div class=\"wp-block-columns alignwide is-layout-flex wp-container-core-columns-is-layout-28f84493 wp-block-columns-is-layout-flex\">\r\n<div class=\"wp-block-column is-layout-flow wp-block-column-is-layout-flow\">\r\n<h4 id=\"starter\" class=\"has-bright-blue-color has-text-color wp-block-heading\">Starter<\/h4>\r\n\r\n\r\n\r\n<p><strong>Fricass\u00e9e of Wild Mushrooms<\/strong><br \/><em>Braised wild mushrooms served with seaweed and liquid nitrogen<\/em><br \/>$14.50<\/p>\r\n<\/div>\r\n\r\n\r\n\r\n<div class=\"wp-block-column is-layout-flow wp-block-column-is-layout-flow\">\r\n<h4 id=\"main\" class=\"has-bright-blue-color has-text-color wp-block-heading\">Main<\/h4>\r\n\r\n\r\n\r\n<p><strong>Coq au Vin d&#8217;Alsace<br \/><\/strong><em>Chicken cooked in Riesling with onions, mushrooms and herbs<\/em><br \/>$25.50<\/p>\r\n<\/div>\r\n\r\n\r\n\r\n<div class=\"wp-block-column is-layout-flow wp-block-column-is-layout-flow\">\r\n<h4 id=\"dessert\" class=\"has-bright-blue-color has-text-color wp-block-heading\">Dessert<\/h4>\r\n\r\n\r\n\r\n<p><strong>Pumpkin Souffl\u00e9<\/strong><br \/><em>With bourbon, cinnamon and molasses sauce<\/em><br \/>$9.00<\/p>\r\n<\/div>\r\n<\/div>\r\n\r\n\r\n\r\n<div class=\"wp-block-spacer\" style=\"height: 32px;\" aria-hidden=\"true\">\u00a0<\/div>\r\n\r\n\r\n\r\n<div class=\"wp-block-buttons is-horizontal is-content-justification-center is-layout-flex wp-container-core-buttons-is-layout-03627597 wp-block-buttons-is-layout-flex\">\r\n<div class=\"wp-block-button aligncenter\"><a class=\"wp-block-button__link no-border-radius\" href=\"#\">View Our Full Menu<\/a><\/div>\r\n<\/div>\r\n\r\n\r\n\r\n<div class=\"wp-block-spacer\" style=\"height: 96px;\" aria-hidden=\"true\">\u00a0<\/div>\r\n<\/div>\r\n\r\n\r\n\r\n<div class=\"wp-block-cover alignfull is-light\"><img decoding=\"async\" class=\"wp-block-cover__image-background wp-image-42\" src=\"https:\/\/maywoodstarter.files.wordpress.com\/2020\/06\/jason-leung-poi7delfiva-unsplash.jpg\" alt=\"\" data-object-fit=\"cover\" \/>\r\n<div class=\"wp-block-cover__inner-container is-layout-flow wp-block-cover-is-layout-flow\">\r\n<div class=\"wp-block-spacer\" style=\"height: 96px;\" aria-hidden=\"true\">\u00a0<\/div>\r\n\r\n\r\n\r\n<h2 id=\"book-your-table\" class=\"has-text-align-center has-text-color wp-block-heading\" style=\"color: #f2f46b;\">Book Your Table<\/h2>\r\n\r\n\r\n\r\n<p class=\"has-text-align-center has-text-color has-large-font-size\" style=\"color: #f2f46b;\">To book a table, call us <a href=\"https:\/\/gwadamama.wordpress.com\/contact\/\" target=\"_blank\" rel=\"noopener\">+4915224476027<\/a>or use the form below.<\/p>\r\n\r\n\r\n\r\n<div class=\"wp-block-spacer\" style=\"height: 96px;\" aria-hidden=\"true\">\u00a0<\/div>\r\n<\/div>\r\n<\/div>\r\n\r\n\r\n\r\n<div class=\"wp-block-group alignfull has-background-background-color has-background is-layout-flow wp-block-group-is-layout-flow\">\r\n<div class=\"wp-block-spacer\" style=\"height: 48px;\" aria-hidden=\"true\">\u00a0<\/div>\r\n\r\n\r\n\r\n<div class=\"wp-block-columns is-layout-flex wp-container-core-columns-is-layout-28f84493 wp-block-columns-is-layout-flex\">\r\n<div class=\"wp-block-column is-layout-flow wp-block-column-is-layout-flow\" style=\"flex-basis: 10%;\">\u00a0<\/div>\r\n\r\n\r\n\r\n<div class=\"wp-block-column is-layout-flow wp-block-column-is-layout-flow\" style=\"flex-basis: 80%;\">\r\n<div class=\"wp-block-jetpack-contact-form\">\r\n\r\n\r\n\r\n\r\n\r\n\r\n\r\n\r\n\r\n\r\n\r\n<\/div>\r\n<\/div>\r\n\r\n\r\n\r\n<div class=\"wp-block-column is-layout-flow wp-block-column-is-layout-flow\" style=\"flex-basis: 10%;\">\u00a0<\/div>\r\n<\/div>\r\n\r\n\r\n\r\n<div class=\"wp-block-spacer\" style=\"height: 48px;\" aria-hidden=\"true\">\u00a0<\/div>\r\n<\/div>\r\n\r\n\r\n\r\n<div class=\"wp-block-cover alignfull\"><img decoding=\"async\" class=\"wp-block-cover__image-background wp-image-41\" src=\"https:\/\/maywoodstarter.files.wordpress.com\/2020\/06\/louis-hansel-3tloviwzmm4-unsplash.jpg\" alt=\"\" data-object-fit=\"cover\" \/>\r\n<div class=\"wp-block-cover__inner-container is-layout-flow wp-block-cover-is-layout-flow\">\r\n<div class=\"wp-block-spacer\" style=\"height: 96px;\" aria-hidden=\"true\">\u00a0<\/div>\r\n\r\n\r\n\r\n<p class=\"has-text-align-center has-text-color\" style=\"color: #f2f46b; font-size: 70px;\"><strong><span class=\"uppercase\">Gwada Mama<\/span><\/strong><\/p>\r\n\r\n\r\n\r\n<p class=\"has-text-align-center has-text-color has-large-font-size\" style=\"color: #f2f46b;\">Visitors will want to know who is on the other side of the page. Use this space to write about your business.<\/p>\r\n\r\n\r\n\r\n<p class=\"has-text-align-center has-yellow-color has-text-color\"><a href=\"https:\/\/www.facebook.com\/gwadamama030\/\" target=\"_blank\" rel=\"noopener\">Facebook<\/a> \/ <a href=\"https:\/\/www.instagram.com\/gwadamama\/\" target=\"_blank\" rel=\"noopener\">Instagram<\/a><\/p>\r\n\r\n\r\n\r\n<div class=\"wp-block-spacer\" style=\"height: 32px;\" aria-hidden=\"true\">\u00a0<\/div>\r\n\r\n\r\n\r\n<div class=\"wp-block-columns alignwide is-layout-flex wp-container-core-columns-is-layout-28f84493 wp-block-columns-is-layout-flex\">\r\n<div class=\"wp-block-column is-layout-flow wp-block-column-is-layout-flow\" style=\"flex-basis: 33.5%;\">\r\n<h5 id=\"open-hours\" class=\"has-text-color wp-block-heading\" style=\"color: #f2f46b;\">Open Hours<\/h5>\r\n\r\n\r\n\r\n<p class=\"has-text-color\" style=\"color: #f2f46b;\"><strong>Mon<\/strong> &#8211; <strong>Sat:<\/strong> 10:00 am \u2013 8:00 pm<br \/><strong>Sun<\/strong>: 12:00 pm \u2013 6:00 pm<\/p>\r\n<\/div>\r\n\r\n\r\n\r\n<div class=\"wp-block-column is-layout-flow wp-block-column-is-layout-flow\" style=\"flex-basis: 33.5%;\">\r\n<h5 id=\"location\" class=\"has-text-color wp-block-heading\" style=\"color: #f2f46b;\">Location<\/h5>\r\n\r\n\r\n\r\n<p class=\"has-text-color\" style=\"color: #f2f46b;\">Berlin<\/p>\r\n<\/div>\r\n\r\n\r\n\r\n<div class=\"wp-block-column is-layout-flow wp-block-column-is-layout-flow\" style=\"flex-basis: 33%;\">\r\n<h5 id=\"reservation\" class=\"has-text-color wp-block-heading\" style=\"color: #f2f46b;\">Reservation<\/h5>\r\n\r\n\r\n\r\n<p class=\"has-text-color has-medium-font-size\" style=\"color: #f2f46b;\">Tel: +49 178 7871451<br \/>Email: <a href=\"mailto:info@gwadamama.com\" target=\"_blank\" rel=\"noreferrer noopener\">info@gwadamama.com<\/a><\/p>\r\n<\/div>\r\n<\/div>\r\n\r\n\r\n\r\n<div class=\"wp-block-spacer\" style=\"height: 96px;\" aria-hidden=\"true\">\u00a0<\/div>\r\n<\/div>\r\n<\/div>\r\n\r\n\r\n\r\n<p>&nbsp;<\/p>\r\n","protected":false},"excerpt":{"rendered":"<p>OUR STORY Welcome .. Gwada Mama Gwada Mama is the most exciting Spicy Street food in Berlin. Gwada Mama ist das aufregendste Spicy Street Food in Berlin. Wie k\u00f6nnen Sie uns kontaktieren? &#8211; Gwada Mama F\u00fcr Feste, Feiern oder andere<\/p>\n","protected":false},"author":1,"featured_media":0,"parent":0,"menu_order":0,"comment_status":"closed","ping_status":"closed","template":"","meta":{"footnotes":""},"class_list":["post-60","page","type-page","status-publish","hentry"],"translation":{"provider":"WPGlobus","version":"3.0.0","language":"de","enabled_languages":["en","es","de","fr","ru"],"languages":{"en":{"title":true,"content":true,"excerpt":false},"es":{"title":false,"content":false,"excerpt":false},"de":{"title":false,"content":false,"excerpt":false},"fr":{"title":false,"content":false,"excerpt":false},"ru":{"title":false,"content":false,"excerpt":false}}},"_links":{"self":[{"href":"https:\/\/gwadamama.com\/de\/wp-json\/wp\/v2\/pages\/60","targetHints":{"allow":["GET"]}}],"collection":[{"href":"https:\/\/gwadamama.com\/de\/wp-json\/wp\/v2\/pages"}],"about":[{"href":"https:\/\/gwadamama.com\/de\/wp-json\/wp\/v2\/types\/page"}],"author":[{"embeddable":true,"href":"https:\/\/gwadamama.com\/de\/wp-json\/wp\/v2\/users\/1"}],"replies":[{"embeddable":true,"href":"https:\/\/gwadamama.com\/de\/wp-json\/wp\/v2\/comments?post=60"}],"version-history":[{"count":3,"href":"https:\/\/gwadamama.com\/de\/wp-json\/wp\/v2\/pages\/60\/revisions"}],"predecessor-version":[{"id":375,"href":"https:\/\/gwadamama.com\/de\/wp-json\/wp\/v2\/pages\/60\/revisions\/375"}],"wp:attachment":[{"href":"https:\/\/gwadamama.com\/de\/wp-json\/wp\/v2\/media?parent=60"}],"curies":[{"name":"wp","href":"https:\/\/api.w.org\/{rel}","templated":true}]}}