{"id":43,"date":"2021-09-27T13:52:26","date_gmt":"2021-09-27T11:52:26","guid":{"rendered":"http:\/\/gwadamama.com\/?page_id=43"},"modified":"2022-04-29T10:23:13","modified_gmt":"2022-04-29T08:23:13","slug":"ueber-uns","status":"publish","type":"page","link":"https:\/\/gwadamama.com\/es\/","title":{"rendered":"\u00dcber uns"},"content":{"rendered":"<h2>Caribbean-Afro-Fusion-Catering<\/h2>\n<p>Gwada Mama ist ein modernes Startup, das sich auf die vegan\/vegetarische\/gluten freie afro-karibische K\u00fcche spezialisiert hat. Unsere K\u00fcche ist nicht nur ein Erlebnis f\u00fcr \u00fcberzeugte VeganerInnen\/VegetarierInnen, sondern f\u00fcr alle, die etwas leckeres Neues ausprobieren m\u00f6chten. Gwada Mama ist ein absolutes Muss f\u00fcr diejenigen Interessierten unter euch, die sich bis jetzt noch nicht vorstellen konnten, wie man z.B. ein Fr\u00fchst\u00fccks-\/ Mittagsb\u00fcffet oder auch herk\u00f6mmliche Hauptgerichte v\u00f6llig oder gr\u00f6\u00dftenteils frei von tierischen Produkten zaubern kann, bei denen es an nichts fehlt.<\/p>\n<p>Mit vielen Ideen, st\u00e4ndig neuen Inspirationen und einer sich stetig weiterentwickelnden K\u00fcche wird Gwada Mama definitiv jedes Mal zu einem Erlebnis, das Ihnen und Ihren G\u00e4sten noch lange im Kopf und auf der Zunge bleibt. Der Hintergrund des karibischen afrikanischen, soll auch Einblick in eine Kultur bringen, die gen\u00fcsslich ist und ganz ohne Fleisch \u00fcberzeugt. Veganes Catering bedeutet kein Verlust an Geschmack oder Vielfalt. Unsere K\u00fcche ist w\u00fcrzig, pikant und ein Gaumenerlebnis f\u00fcr Gro\u00df und Klein.<\/p>\n<p>&nbsp;<\/p>\n<h2>Gwada Mama Street food<\/h2>\n<p>Wir bieten Ihnen an unserem Wochenmarktstand Streetfood nach French-West-Indies Art. So etwas gab&#8217; es hier bisher noch nie.. Lernen Sie Bokits, Accras, Sorbet au Coco und Churros kennen. Und genie\u00dfen Sie Ihre afrikanischen Lieblingsgerichte auch mal vegan. Auf dem sch\u00f6nen gem\u00fctlichen Familien Kiez Wochenmarkt &#8220;Die dicke Linda&#8221; am Kranoldplatz in Neuk\u00f6lln gibt es \u00fcbrigens auch jeden Samstag von 10 &#8211; 16 Zouk und karibische Kl\u00e4nge zu dem Essen &amp; Trinken, falls jemand Lust h\u00e4tte dort auch mal das Tanzbein zu schwingen.<\/p>\n<p><strong>Wir versuchen stets mit dem Zeitgeist mitzugehen und unser Konzept durch Innovation und Technologie zu verbessern.<\/strong><\/p>\n<p>&nbsp;<\/p>\n<p>Ihr erreicht uns unter +49 178 787 1451 oder info@gwadamama.com\u00a0 \ud83d\ude00 Falls Ihr nicht pers\u00f6nlich vorbeikommen k\u00f6nnt, gibt es unter folgendem Link die M\u00f6glichkeit auch online zu bestellen: <a href=\"https:\/\/gwada-mama.sumup.link\/\" target=\"_blank\" rel=\"noopener\">https:\/\/gwada-mama.sumup.link\/<\/a><\/p>\n<div class=\"RcCsl fVHpi w4vB1d NOE9ve M0S7ae\" data-js-log-root=\"\">\n<div class=\"AeaXub\" data-item-id=\"place-info-links:\">\n<div class=\"cXHGnc\">\n<div class=\"Eottgc\"><img decoding=\"async\" class=\"Liguzb\" src=\"https:\/\/gstatic.com\/local\/placeinfo\/lgbtq_friendly_ic_24dp.png\" alt=\"\" \/><\/div>\n<\/div>\n<div class=\"rogA2c\">\n<div class=\"Io6YTe fontBodyMedium\">LGBTQ+ friendly<\/div>\n<div class=\"gSkmPd fontBodySmall CuiGbf\"><\/div>\n<\/div>\n<\/div>\n<div class=\"UCw5gc\">\n<div class=\"C9yzub\"><\/div>\n<\/div>\n<\/div>\n<div class=\"RcCsl fVHpi w4vB1d NOE9ve M0S7ae\" data-js-log-root=\"\">\n<div class=\"AeaXub\" data-item-id=\"place-info-links:\">\n<div class=\"cXHGnc\">\n<div class=\"Eottgc\"><img decoding=\"async\" class=\"Liguzb\" src=\"https:\/\/gstatic.com\/local\/placeinfo\/women_led_updated_ic_24dp.png\" alt=\"\" \/><\/div>\n<\/div>\n<div class=\"rogA2c\">\n<div class=\"Io6YTe fontBodyMedium\">Identifies as women-owned<\/div>\n<\/div>\n<\/div>\n<\/div>\n","protected":false},"excerpt":{"rendered":"<p>Caribbean-Afro-Fusion-Catering Gwada Mama ist ein modernes Startup, das sich auf die vegan\/vegetarische\/gluten freie afro-karibische K\u00fcche spezialisiert hat. Unsere K\u00fcche ist nicht nur ein Erlebnis f\u00fcr \u00fcberzeugte VeganerInnen\/VegetarierInnen, sondern f\u00fcr alle, die etwas leckeres Neues ausprobieren m\u00f6chten. Gwada Mama ist ein<\/p>\n","protected":false},"author":1,"featured_media":0,"parent":0,"menu_order":0,"comment_status":"closed","ping_status":"closed","template":"","meta":{"footnotes":""},"class_list":["post-43","page","type-page","status-publish","hentry"],"translation":{"provider":"WPGlobus","version":"3.0.0","language":"es","enabled_languages":["en","es","de","fr","ru"],"languages":{"en":{"title":true,"content":true,"excerpt":false},"es":{"title":false,"content":false,"excerpt":false},"de":{"title":false,"content":false,"excerpt":false},"fr":{"title":false,"content":false,"excerpt":false},"ru":{"title":false,"content":false,"excerpt":false}}},"_links":{"self":[{"href":"https:\/\/gwadamama.com\/es\/wp-json\/wp\/v2\/pages\/43","targetHints":{"allow":["GET"]}}],"collection":[{"href":"https:\/\/gwadamama.com\/es\/wp-json\/wp\/v2\/pages"}],"about":[{"href":"https:\/\/gwadamama.com\/es\/wp-json\/wp\/v2\/types\/page"}],"author":[{"embeddable":true,"href":"https:\/\/gwadamama.com\/es\/wp-json\/wp\/v2\/users\/1"}],"replies":[{"embeddable":true,"href":"https:\/\/gwadamama.com\/es\/wp-json\/wp\/v2\/comments?post=43"}],"version-history":[{"count":30,"href":"https:\/\/gwadamama.com\/es\/wp-json\/wp\/v2\/pages\/43\/revisions"}],"predecessor-version":[{"id":643,"href":"https:\/\/gwadamama.com\/es\/wp-json\/wp\/v2\/pages\/43\/revisions\/643"}],"wp:attachment":[{"href":"https:\/\/gwadamama.com\/es\/wp-json\/wp\/v2\/media?parent=43"}],"curies":[{"name":"wp","href":"https:\/\/api.w.org\/{rel}","templated":true}]}}