{"id":49,"date":"2021-09-27T13:54:15","date_gmt":"2021-09-27T11:54:15","guid":{"rendered":"http:\/\/gwadamama.com\/?page_id=49"},"modified":"2022-04-27T23:22:54","modified_gmt":"2022-04-27T21:22:54","slug":"mach-mit","status":"publish","type":"page","link":"https:\/\/gwadamama.com\/es\/mach-mit\/","title":{"rendered":"Unterst\u00fctze Gwada Mama"},"content":{"rendered":"\r\n<h4>Aller Anfang ist schwer. Daher m\u00f6chten wir an dieser Stelle um euere Unterst\u00fctzung jeglicher Art bitten, damit wir so bald wie m\u00f6glich einen Foodtruck anschaffen k\u00f6nnen, oder du uns sogar eines Tages auch in einem richtigen Restaurant besuchen kannst. Hier sparen wir f\u00fcr unseren ersten Gwada Mama Food Truck um mit einem breiterem Angebot um gegen Wind und Wetter gewappnet sein zu k\u00f6nnen:<\/h4>\r\n<h3>paypal.me\/gwadamama<\/h3>\r\n<h3><a href=\"https:\/\/www.instagram.com\/gwadamama\/\" target=\"_blank\" rel=\"noopener\">Gwada Mama (@gwadamama) \u2022 Instagram-Fotos und -Videos<\/a><\/h3>\r\n<h3><a href=\"https:\/\/www.facebook.com\/gwadamama030\" target=\"_blank\" rel=\"noopener\">(20+) Gwada Mama | Facebook<\/a><\/h3>\r\n<p>&nbsp;<\/p>\r\n\r\n\r\n\r\n\r\n\r\n<h4>Crowd funden, folgen, liken, hashtaggen, bewerten, mit Rat und Tat oder einfach nur mit Freundlichkeit, die uns moralisch unterst\u00fctzt.. Wirklich alles ist mehr als willkommen!<\/h4>\r\n<h4>\r\n\r\n<\/h4>\r\n<h4>\u00a0<\/h4>\r\n<h4>One Love, dein Gwada Mama Team<\/h4>\r\n<h4>\r\n\r\n<\/h4>\r\n<h4>\u00a0<\/h4>\r\n<h4>\r\n\r\n<\/h4>\r\n<h4>Please support your little black owned business, so that you can visit us one day in a proper Restaurant too. We are saving for our first food truck here, to be able to expand our offer and to be able to withstand bad weather:<\/h4>\r\n<h3>paypal.me\/gwadamama<\/h3>\r\n<h3><a href=\"https:\/\/www.instagram.com\/gwadamama\/\" target=\"_blank\" rel=\"noopener\">Gwada Mama (@gwadamama) \u2022 Instagram-Fotos und -Videos<\/a><\/h3>\r\n<h3><a href=\"https:\/\/www.facebook.com\/gwadamama030\" target=\"_blank\" rel=\"noopener\">(20+) Gwada Mama | Facebook<\/a><\/h3>\r\n<p>&nbsp;<\/p>\r\n\r\n\r\n\r\n<h4><br \/>Feel free to participate: crowd found, follow, like, hashtag or rate us, give advice, help out or to simply support us morally with niceness.. Really anything is more than welcome!<br \/><br \/>One love, your Gwada Mama Team<\/h4>\r\n\r\n\r\n\r\n\r\n\r\n<div class=\"wp-block-buttons is-layout-flex wp-block-buttons-is-layout-flex\">\r\n<div class=\"wp-block-button\"><a class=\"wp-block-button__link\" href=\"https:\/\/gwadamama.com\/?page_id=348\">zur Kontaktseite<\/a><\/div>\r\n<\/div>\r\n\r\n\r\n\r\n<p>&nbsp;<\/p>\r\n","protected":false},"excerpt":{"rendered":"<p>Aller Anfang ist schwer. Daher m\u00f6chten wir an dieser Stelle um euere Unterst\u00fctzung jeglicher Art bitten, damit wir so bald wie m\u00f6glich einen Foodtruck anschaffen k\u00f6nnen, oder du uns sogar eines Tages auch in einem richtigen Restaurant besuchen kannst. Hier<\/p>\n","protected":false},"author":1,"featured_media":0,"parent":0,"menu_order":0,"comment_status":"closed","ping_status":"closed","template":"","meta":{"footnotes":""},"class_list":["post-49","page","type-page","status-publish","hentry"],"translation":{"provider":"WPGlobus","version":"3.0.0","language":"es","enabled_languages":["en","es","de","fr","ru"],"languages":{"en":{"title":true,"content":true,"excerpt":false},"es":{"title":false,"content":false,"excerpt":false},"de":{"title":false,"content":false,"excerpt":false},"fr":{"title":false,"content":false,"excerpt":false},"ru":{"title":false,"content":false,"excerpt":false}}},"_links":{"self":[{"href":"https:\/\/gwadamama.com\/es\/wp-json\/wp\/v2\/pages\/49","targetHints":{"allow":["GET"]}}],"collection":[{"href":"https:\/\/gwadamama.com\/es\/wp-json\/wp\/v2\/pages"}],"about":[{"href":"https:\/\/gwadamama.com\/es\/wp-json\/wp\/v2\/types\/page"}],"author":[{"embeddable":true,"href":"https:\/\/gwadamama.com\/es\/wp-json\/wp\/v2\/users\/1"}],"replies":[{"embeddable":true,"href":"https:\/\/gwadamama.com\/es\/wp-json\/wp\/v2\/comments?post=49"}],"version-history":[{"count":13,"href":"https:\/\/gwadamama.com\/es\/wp-json\/wp\/v2\/pages\/49\/revisions"}],"predecessor-version":[{"id":625,"href":"https:\/\/gwadamama.com\/es\/wp-json\/wp\/v2\/pages\/49\/revisions\/625"}],"wp:attachment":[{"href":"https:\/\/gwadamama.com\/es\/wp-json\/wp\/v2\/media?parent=49"}],"curies":[{"name":"wp","href":"https:\/\/api.w.org\/{rel}","templated":true}]}}