{"id":329,"date":"2022-03-17T00:46:46","date_gmt":"2022-03-16T23:46:46","guid":{"rendered":"http:\/\/gwadamama.com\/?page_id=329"},"modified":"2022-04-13T19:26:26","modified_gmt":"2022-04-13T17:26:26","slug":"sauce-chien-une-specialite-des-antilles-a-decouvrir","status":"publish","type":"page","link":"https:\/\/gwadamama.com\/fr\/sauce-chien-une-specialite-des-antilles-a-decouvrir\/","title":{"rendered":"OUR SAUCES"},"content":{"rendered":"<header>\n<h2><strong>Sauce Chien: Une sp\u00e9cialit\u00e9 des antilles \u00e0 d\u00e9couvrir!<\/strong><\/h2>\n<\/header>\n<div class=\"post-single-content box mark-links entry-content\">\n<div><\/div>\n<div class=\"code-block code-block-1\">La sauce chien est une sauce typicment antillaise de la Guadeloupe et Martinique. Avec tout ses condiments elle est joliment color\u00e9e, tr\u00e8s go\u00fbteuse et un peu piment\u00e9e. Elle est parfaite pour accompagner toutes sortes des plats differente. Nous la utilisons comme dressing pour la salade ansi pour nos Bokits.<\/div>\n<\/div>\n<div><\/div>\n<div><\/div>\n<div class=\"post-single-content box mark-links entry-content\">\n<h2><strong>Bondamanjak Pepper<\/strong><\/h2>\n<p>The Bondamanjak Pepper is what people of the French West Indies (Guadeloupe, Martinique, and Guyana) call the Scotch Bonnet pepper. Alternatively, the Habanero pepper is sometimes called the Bondamanjak Pepper within the French West Indies.<\/p>\n<p>source: https:\/\/hotsaucesurvey.com\/hotpeppers\/bondamanjak-pepper\/<\/p>\n<\/div>\n<p>This Piment Antillais, what it is usually also called on Guadeloupe, is actually what gives our hot sauce the particular taste and hotness.<\/p>\n<p>You can order your own here: www.<strong class=\"css-1doihnl\">gwada-mama<\/strong>.sumup.link<\/p>\n<div class=\"css-1f5wx8e\" data-selector=\"CONTENT.LEFT_COLUMN\"><\/div>\n<div data-selector=\"CONTENT.LEFT_COLUMN\"><\/div>\n<p>#catering #vegan #vegetarisch #karibischekueche #cuisineantillaise #foodtruck (comming soon) #wochenmarkt #streetfood<\/p>\n<div class=\"post-single-content box mark-links entry-content\">\n<p>&nbsp;<\/p>\n<\/div>\n","protected":false},"excerpt":{"rendered":"<p>Sauce Chien: Une sp\u00e9cialit\u00e9 des antilles \u00e0 d\u00e9couvrir! La sauce chien est une sauce typicment antillaise de la Guadeloupe et Martinique. Avec tout ses condiments elle est joliment color\u00e9e, tr\u00e8s go\u00fbteuse et un peu piment\u00e9e. Elle est parfaite pour accompagner<\/p>\n","protected":false},"author":1,"featured_media":0,"parent":0,"menu_order":0,"comment_status":"closed","ping_status":"closed","template":"","meta":{"footnotes":""},"class_list":["post-329","page","type-page","status-publish","hentry"],"translation":{"provider":"WPGlobus","version":"3.0.0","language":"fr","enabled_languages":["en","es","de","fr","ru"],"languages":{"en":{"title":true,"content":true,"excerpt":false},"es":{"title":false,"content":false,"excerpt":false},"de":{"title":false,"content":false,"excerpt":false},"fr":{"title":false,"content":false,"excerpt":false},"ru":{"title":false,"content":false,"excerpt":false}}},"_links":{"self":[{"href":"https:\/\/gwadamama.com\/fr\/wp-json\/wp\/v2\/pages\/329","targetHints":{"allow":["GET"]}}],"collection":[{"href":"https:\/\/gwadamama.com\/fr\/wp-json\/wp\/v2\/pages"}],"about":[{"href":"https:\/\/gwadamama.com\/fr\/wp-json\/wp\/v2\/types\/page"}],"author":[{"embeddable":true,"href":"https:\/\/gwadamama.com\/fr\/wp-json\/wp\/v2\/users\/1"}],"replies":[{"embeddable":true,"href":"https:\/\/gwadamama.com\/fr\/wp-json\/wp\/v2\/comments?post=329"}],"version-history":[{"count":6,"href":"https:\/\/gwadamama.com\/fr\/wp-json\/wp\/v2\/pages\/329\/revisions"}],"predecessor-version":[{"id":472,"href":"https:\/\/gwadamama.com\/fr\/wp-json\/wp\/v2\/pages\/329\/revisions\/472"}],"wp:attachment":[{"href":"https:\/\/gwadamama.com\/fr\/wp-json\/wp\/v2\/media?parent=329"}],"curies":[{"name":"wp","href":"https:\/\/api.w.org\/{rel}","templated":true}]}}