{"id":45,"date":"2021-09-27T13:52:47","date_gmt":"2021-09-27T11:52:47","guid":{"rendered":"http:\/\/gwadamama.com\/?page_id=45"},"modified":"2022-05-04T22:32:14","modified_gmt":"2022-05-04T20:32:14","slug":"speisekarte","status":"publish","type":"page","link":"https:\/\/gwadamama.com\/ru\/speisekarte\/","title":{"rendered":"Men\u00fc und Getr\u00e4nke"},"content":{"rendered":"<h1 style=\"text-align: center;\">Street Food<\/h1>\n<p style=\"text-align: center;\"><img loading=\"lazy\" decoding=\"async\" class=\"alignnone size-medium wp-image-270\" src=\"http:\/\/gwadamama.com\/wp-content\/uploads\/2022\/03\/20220121_222238-300x146.jpg\" alt=\"\" width=\"300\" height=\"146\" srcset=\"https:\/\/gwadamama.com\/wp-content\/uploads\/2022\/03\/20220121_222238-300x146.jpg 300w, https:\/\/gwadamama.com\/wp-content\/uploads\/2022\/03\/20220121_222238-1024x498.jpg 1024w, https:\/\/gwadamama.com\/wp-content\/uploads\/2022\/03\/20220121_222238-768x373.jpg 768w, https:\/\/gwadamama.com\/wp-content\/uploads\/2022\/03\/20220121_222238-1536x747.jpg 1536w, https:\/\/gwadamama.com\/wp-content\/uploads\/2022\/03\/20220121_222238-2048x996.jpg 2048w\" sizes=\"auto, (max-width: 300px) 100vw, 300px\" \/><\/p>\n<ul style=\"text-align: center;\">\n<li style=\"text-align: center;\"><strong>Accras Cr\u00e9ole\u00a0\u00a0\u00a0\u00a0\u00a0\u00a0\u00a0\u00a0\u00a0 4,00 EUR<\/strong><\/li>\n<\/ul>\n<p style=\"text-align: center;\">(Teigb\u00e4llchen mit Gem\u00fcse\/ Dough balls with veggies)<br \/>\n*Mehl, Gem\u00fcse, Wasser, Eier, Piment Antillaise, Kr\u00e4uter &amp; Gew\u00fcrze \/*Flour, Vegetables, Water, Eggs, Caribbean Pepper, Herbs &amp; Spices<\/p>\n<p>&nbsp;<\/p>\n<p>&nbsp;<\/p>\n<p>&nbsp;<\/p>\n<p style=\"text-align: center;\"><img loading=\"lazy\" decoding=\"async\" class=\"alignnone size-medium wp-image-398\" src=\"http:\/\/gwadamama.com\/wp-content\/uploads\/2022\/03\/Bokit-1-300x200.jpg\" alt=\"\" width=\"300\" height=\"200\" srcset=\"https:\/\/gwadamama.com\/wp-content\/uploads\/2022\/03\/Bokit-1-300x200.jpg 300w, https:\/\/gwadamama.com\/wp-content\/uploads\/2022\/03\/Bokit-1-1024x682.jpg 1024w, https:\/\/gwadamama.com\/wp-content\/uploads\/2022\/03\/Bokit-1-768x512.jpg 768w, https:\/\/gwadamama.com\/wp-content\/uploads\/2022\/03\/Bokit-1-1536x1024.jpg 1536w, https:\/\/gwadamama.com\/wp-content\/uploads\/2022\/03\/Bokit-1-680x455.jpg 680w, https:\/\/gwadamama.com\/wp-content\/uploads\/2022\/03\/Bokit-1-960x640.jpg 960w, https:\/\/gwadamama.com\/wp-content\/uploads\/2022\/03\/Bokit-1.jpg 2000w\" sizes=\"auto, (max-width: 300px) 100vw, 300px\" \/><\/p>\n<ul style=\"text-align: center;\">\n<li style=\"text-align: center;\"><strong>Bokit (Sandwich)\u00a0\u00a0\u00a0\u00a0 7.00 EUR<\/strong><\/li>\n<\/ul>\n<p style=\"text-align: center;\">Wahlweise mit veganen oder vegetarischen Toppings \/ vegan or vegetarian toppings<br \/>\n*Mehl, Wasser, Raps\u00f6l, Hefe (Zucker), Kr\u00e4uter, Salz,Pfeffer\/ *Flour, water, vegetable oil, yeast (sugar), Herbs, Salt, Pepper<\/p>\n<p>&nbsp;<\/p>\n<p>&nbsp;<\/p>\n<p>&nbsp;<\/p>\n<p style=\"text-align: center;\"><img loading=\"lazy\" decoding=\"async\" class=\"alignnone wp-image-595\" src=\"http:\/\/gwadamama.com\/wp-content\/uploads\/2022\/04\/Maffee-webp-300x287.webp\" alt=\"\" width=\"287\" height=\"275\" srcset=\"https:\/\/gwadamama.com\/wp-content\/uploads\/2022\/04\/Maffee-webp-300x287.webp 300w, https:\/\/gwadamama.com\/wp-content\/uploads\/2022\/04\/Maffee-webp-1024x979.webp 1024w, https:\/\/gwadamama.com\/wp-content\/uploads\/2022\/04\/Maffee-webp-768x734.webp 768w, https:\/\/gwadamama.com\/wp-content\/uploads\/2022\/04\/Maffee-webp-1536x1469.webp 1536w, https:\/\/gwadamama.com\/wp-content\/uploads\/2022\/04\/Maffee-webp.webp 2048w\" sizes=\"auto, (max-width: 287px) 100vw, 287px\" \/><\/p>\n<ul style=\"text-align: center;\">\n<li style=\"text-align: center;\"><strong>Mafee mit Reis\/\u2028Mafee with rice\u00a0\u00a0\u00a0\u00a0 7.00 EUR<\/strong><\/li>\n<\/ul>\n<p style=\"text-align: center;\">(Erdnusbutter So\u00dfe \/Peanutbutter Steew)<\/p>\n<p style=\"text-align: center;\">*Karotten, Zwiebeln, Soja, Erdnussbutter, Tomaten, \u00d6l, Maggi, Salz, Pfeffer \/<\/p>\n<p style=\"text-align: center;\">*carrots, onions, soy, peanut butter, tomatoes, oil, tomato paste, afro chilli pepper, maggi, salt, pepper<\/p>\n<p>&nbsp;<\/p>\n<p>&nbsp;<\/p>\n<p>&nbsp;<\/p>\n<p style=\"text-align: center;\"><img loading=\"lazy\" decoding=\"async\" class=\"alignnone wp-image-586\" src=\"http:\/\/gwadamama.com\/wp-content\/uploads\/2022\/04\/275537184_383552639855232_3324292154508853928_n-300x300.jpg\" alt=\"\" width=\"290\" height=\"290\" srcset=\"https:\/\/gwadamama.com\/wp-content\/uploads\/2022\/04\/275537184_383552639855232_3324292154508853928_n-300x300.jpg 300w, https:\/\/gwadamama.com\/wp-content\/uploads\/2022\/04\/275537184_383552639855232_3324292154508853928_n-1024x1024.jpg 1024w, https:\/\/gwadamama.com\/wp-content\/uploads\/2022\/04\/275537184_383552639855232_3324292154508853928_n-150x150.jpg 150w, https:\/\/gwadamama.com\/wp-content\/uploads\/2022\/04\/275537184_383552639855232_3324292154508853928_n-768x768.jpg 768w, https:\/\/gwadamama.com\/wp-content\/uploads\/2022\/04\/275537184_383552639855232_3324292154508853928_n-270x270.jpg 270w, https:\/\/gwadamama.com\/wp-content\/uploads\/2022\/04\/275537184_383552639855232_3324292154508853928_n-230x230.jpg 230w, https:\/\/gwadamama.com\/wp-content\/uploads\/2022\/04\/275537184_383552639855232_3324292154508853928_n.jpg 1080w\" sizes=\"auto, (max-width: 290px) 100vw, 290px\" \/><\/p>\n<ul style=\"text-align: center;\">\n<li style=\"text-align: center;\"><strong>Cocos Curry\u00a0\u00a0\u00a0\u00a0 8,00 EUR<\/strong><\/li>\n<\/ul>\n<p style=\"text-align: center;\">(Kokosnussmilch, S\u00fc\u00dfkartoffeln, Mangetout, Erbsen)<\/p>\n<p>&nbsp;<\/p>\n<p>&nbsp;<\/p>\n<p>&nbsp;<\/p>\n<p style=\"text-align: center;\"><img loading=\"lazy\" decoding=\"async\" class=\"alignnone size-medium wp-image-588\" src=\"http:\/\/gwadamama.com\/wp-content\/uploads\/2022\/04\/Spinat-Erdnuss-Sose-mit-Okras-300x300.jpg\" alt=\"\" width=\"300\" height=\"300\" srcset=\"https:\/\/gwadamama.com\/wp-content\/uploads\/2022\/04\/Spinat-Erdnuss-Sose-mit-Okras-300x300.jpg 300w, https:\/\/gwadamama.com\/wp-content\/uploads\/2022\/04\/Spinat-Erdnuss-Sose-mit-Okras-150x150.jpg 150w, https:\/\/gwadamama.com\/wp-content\/uploads\/2022\/04\/Spinat-Erdnuss-Sose-mit-Okras-270x270.jpg 270w, https:\/\/gwadamama.com\/wp-content\/uploads\/2022\/04\/Spinat-Erdnuss-Sose-mit-Okras-230x230.jpg 230w, https:\/\/gwadamama.com\/wp-content\/uploads\/2022\/04\/Spinat-Erdnuss-Sose-mit-Okras.jpg 640w\" sizes=\"auto, (max-width: 300px) 100vw, 300px\" \/><\/p>\n<ul style=\"text-align: center;\">\n<li style=\"text-align: center;\"><strong>Spinat Erdnussbutter So\u00dfe \/ Spinach peanut butter Stew\u00a0\u00a0\u00a0\u00a0 7,00 EUR<\/strong><\/li>\n<\/ul>\n<p style=\"text-align: center;\">(Tomate, Spinat, Erdnussbutter, Karotte, Soja)<\/p>\n<p>&nbsp;<\/p>\n<p>&nbsp;<\/p>\n<p>&nbsp;<\/p>\n<p style=\"text-align: center;\"><img loading=\"lazy\" decoding=\"async\" class=\"alignnone size-medium wp-image-596\" src=\"http:\/\/gwadamama.com\/wp-content\/uploads\/2022\/04\/IMAG0430-1-scaled-e1651051861120-300x187.jpg\" alt=\"\" width=\"300\" height=\"187\" srcset=\"https:\/\/gwadamama.com\/wp-content\/uploads\/2022\/04\/IMAG0430-1-scaled-e1651051861120-300x187.jpg 300w, https:\/\/gwadamama.com\/wp-content\/uploads\/2022\/04\/IMAG0430-1-scaled-e1651051861120-1024x639.jpg 1024w, https:\/\/gwadamama.com\/wp-content\/uploads\/2022\/04\/IMAG0430-1-scaled-e1651051861120-768x479.jpg 768w, https:\/\/gwadamama.com\/wp-content\/uploads\/2022\/04\/IMAG0430-1-scaled-e1651051861120-1536x958.jpg 1536w, https:\/\/gwadamama.com\/wp-content\/uploads\/2022\/04\/IMAG0430-1-scaled-e1651051861120.jpg 1856w\" sizes=\"auto, (max-width: 300px) 100vw, 300px\" \/><\/p>\n<ul style=\"text-align: center;\">\n<li style=\"text-align: center;\"><strong>Desserts\u00a0 \u00a0 \u00a03,00 EUR\u00a0<\/strong><\/li>\n<\/ul>\n<p style=\"text-align: center;\">Tartelette Banane, Vegane Muffins<\/p>\n<p>&nbsp;<\/p>\n<h2 style=\"text-align: center;\">Getr\u00e4nke<\/h2>\n<p style=\"text-align: center;\">Bio Filterkaffe\u00a0 \u00a0 2,00 EUR<br \/>\nCarokaffee\u00a0 \u00a01,50 EUR<\/p>\n<p style=\"text-align: center;\">Ausgew\u00e4hlte Teesorten\u00a0 \u00a0 \u00a02,00 EUR<\/p>\n<p style=\"text-align: center;\">Hot Choc-o-la-Day (Guarana, Zimt)\u00a0 \u00a03,50 EUR<\/p>\n<p>&nbsp;<\/p>\n<p style=\"text-align: center;\">Desperados Mojito\u00a0 \u00a0 \u00a03,00 EUR<\/p>\n<p style=\"text-align: center;\">Rum Arrang\u00e9 (Fruchtsaft Coctail)\u00a0 \u00a0 5,00 EUR<\/p>\n<p>&nbsp;<\/p>\n<blockquote>\n<h2 style=\"text-align: center;\">Glutenfreie Varianten (Accras\/Desserts)<\/h2>\n<h2 style=\"text-align: center;\">bitte einen Tag im Voraus bestellen!<\/h2>\n<\/blockquote>\n<h2 style=\"color: red; text-align: center;\"><img loading=\"lazy\" decoding=\"async\" class=\" wp-image-425 aligncenter\" src=\"http:\/\/gwadamama.com\/wp-content\/uploads\/2022\/04\/Screenshot-2022-04-07-at-00.19.12.png\" alt=\"\" width=\"218\" height=\"36\" \/><\/h2>\n<p style=\"text-align: center;\">Caribbean-Afro-Fusion-Food<\/p>\n<p style=\"text-align: center;\">https:\/\/gwada-mama.sumup.link<br \/>\nwww.GwadaMama.com<br \/>\ninfo@gwadamama.com<br \/>\n+49 178 787 14 51<\/p>\n","protected":false},"excerpt":{"rendered":"<p>Street Food Accras Cr\u00e9ole\u00a0\u00a0\u00a0\u00a0\u00a0\u00a0\u00a0\u00a0\u00a0 4,00 EUR (Teigb\u00e4llchen mit Gem\u00fcse\/ Dough balls with veggies) *Mehl, Gem\u00fcse, Wasser, Eier, Piment Antillaise, Kr\u00e4uter &amp; Gew\u00fcrze \/*Flour, Vegetables, Water, Eggs, Caribbean Pepper, Herbs &amp; Spices &nbsp; &nbsp; &nbsp; Bokit (Sandwich)\u00a0\u00a0\u00a0\u00a0 7.00 EUR Wahlweise mit<\/p>\n","protected":false},"author":1,"featured_media":0,"parent":0,"menu_order":0,"comment_status":"closed","ping_status":"closed","template":"","meta":{"footnotes":""},"class_list":["post-45","page","type-page","status-publish","hentry"],"translation":{"provider":"WPGlobus","version":"3.0.0","language":"ru","enabled_languages":["en","es","de","fr","ru"],"languages":{"en":{"title":true,"content":true,"excerpt":false},"es":{"title":false,"content":false,"excerpt":false},"de":{"title":false,"content":false,"excerpt":false},"fr":{"title":false,"content":false,"excerpt":false},"ru":{"title":false,"content":false,"excerpt":false}}},"_links":{"self":[{"href":"https:\/\/gwadamama.com\/ru\/wp-json\/wp\/v2\/pages\/45","targetHints":{"allow":["GET"]}}],"collection":[{"href":"https:\/\/gwadamama.com\/ru\/wp-json\/wp\/v2\/pages"}],"about":[{"href":"https:\/\/gwadamama.com\/ru\/wp-json\/wp\/v2\/types\/page"}],"author":[{"embeddable":true,"href":"https:\/\/gwadamama.com\/ru\/wp-json\/wp\/v2\/users\/1"}],"replies":[{"embeddable":true,"href":"https:\/\/gwadamama.com\/ru\/wp-json\/wp\/v2\/comments?post=45"}],"version-history":[{"count":31,"href":"https:\/\/gwadamama.com\/ru\/wp-json\/wp\/v2\/pages\/45\/revisions"}],"predecessor-version":[{"id":644,"href":"https:\/\/gwadamama.com\/ru\/wp-json\/wp\/v2\/pages\/45\/revisions\/644"}],"wp:attachment":[{"href":"https:\/\/gwadamama.com\/ru\/wp-json\/wp\/v2\/media?parent=45"}],"curies":[{"name":"wp","href":"https:\/\/api.w.org\/{rel}","templated":true}]}}