{"id":647,"date":"2022-05-27T21:59:25","date_gmt":"2022-05-27T19:59:25","guid":{"rendered":"https:\/\/gwadamama.com\/?page_id=647"},"modified":"2022-05-27T22:25:29","modified_gmt":"2022-05-27T20:25:29","slug":"impressum","status":"publish","type":"page","link":"https:\/\/gwadamama.com\/ru\/impressum\/","title":{"rendered":"Impressum"},"content":{"rendered":"<h2>Verantwortlich f\u00fcr den Inhalt der Seite<\/h2>\n<p>Gwada Mama<\/p>\n<p>Vertreten durch Jana Mauer<br \/>\nFriedrich-Wilhelm-Str. 39, 12103 Berlin<\/p>\n<p>Mobil +49 178 787 1451<br \/>\nFax\u00a0 +49 30 76 00 2807<\/p>\n<p>info@gwadamama.com<br \/>\nwww.gwadamama.com<\/p>\n<h2>Inhaberin<\/h2>\n<p>Jana Mauer<\/p>\n<p>&nbsp;<\/p>\n<h2>Datenschutz<\/h2>\n<p>Bitte beachten Sie unsere Datenschutzerkl\u00e4rung.<\/p>\n<h2>Haftungsausschluss<\/h2>\n<p>Gwada Mama \u00fcbernimmt keine Haftung oder Garantie f\u00fcr die Aktualit\u00e4t der zur Verf\u00fcgung gestellten Informationen und beh\u00e4lt sich das Recht vor, die bereitgestellten Informationen jederzeit zu erg\u00e4nzen oder zu \u00e4ndern. Texte, Bilder und Grafiken sowie deren Anordnung auf der Website unterliegen dem Schutz des Urheberrechts und anderer Schutzgesetze. Der Inhalt dieser Webseiten darf nicht zu kommerziellen Zwecken kopiert, verbreitet, ver\u00e4ndert oder Dritten zug\u00e4nglich gemacht werden. Alle innerhalb des Internetangebots genannten ggf. durch Dritte gesch\u00fctzten Marken- und Warenzeichen unterliegen uneingeschr\u00e4nkt den Bestimmungen des jeweils g\u00fcltigen Kennzeichnungsrechtes und den Besitzrechten der jeweiligen eingetragenen Eigent\u00fcmer.<\/p>\n<h2>Haftungshinweis<\/h2>\n<p>Mit dem Urteil vom 12. Mai 1998 hat das Landgericht Hamburg entschieden, dass man durch die Einrichtung eines Links die Inhalte der gelinkten Seite gegebenenfalls mit zu verantworten hat. Dies kann, so das Landgericht, nur dadurch verhindert werden, dass man sich ausdr\u00fccklich von diesen Inhalten distanziert.<br \/>\nDa es auf der Homepage von Gwada Mama Links zu anderen Seiten im Internet gibt, macht die Inhaberin dieser Seiten hiermit folgendes bekannt: Wir haben weder Einfluss auf die Gestaltung noch auf den Inhalt jeglicher verlinkten Seiten. Die Verantwortung liegt allein bei den Betreibern dieser Seiten, daher distanzieren wir uns ausdr\u00fccklich von all deren Inhalten.<\/p>\n<h2>Mitwirkende<\/h2>\n<h3>Webdesign &amp; Programmierung<\/h3>\n<p>Fred Anicet, Eddie \u2013 Jana Mauer<\/p>\n","protected":false},"excerpt":{"rendered":"<p>Verantwortlich f\u00fcr den Inhalt der Seite Gwada Mama Vertreten durch Jana Mauer Friedrich-Wilhelm-Str. 39, 12103 Berlin Mobil +49 178 787 1451 Fax\u00a0 +49 30 76 00 2807 info@gwadamama.com www.gwadamama.com Inhaberin Jana Mauer &nbsp; Datenschutz Bitte beachten Sie unsere Datenschutzerkl\u00e4rung. Haftungsausschluss<\/p>\n","protected":false},"author":1,"featured_media":0,"parent":0,"menu_order":0,"comment_status":"closed","ping_status":"closed","template":"","meta":{"footnotes":""},"class_list":["post-647","page","type-page","status-publish","hentry"],"translation":{"provider":"WPGlobus","version":"3.0.0","language":"ru","enabled_languages":["en","es","de","fr","ru"],"languages":{"en":{"title":true,"content":true,"excerpt":false},"es":{"title":false,"content":false,"excerpt":false},"de":{"title":false,"content":false,"excerpt":false},"fr":{"title":false,"content":false,"excerpt":false},"ru":{"title":false,"content":false,"excerpt":false}}},"_links":{"self":[{"href":"https:\/\/gwadamama.com\/ru\/wp-json\/wp\/v2\/pages\/647","targetHints":{"allow":["GET"]}}],"collection":[{"href":"https:\/\/gwadamama.com\/ru\/wp-json\/wp\/v2\/pages"}],"about":[{"href":"https:\/\/gwadamama.com\/ru\/wp-json\/wp\/v2\/types\/page"}],"author":[{"embeddable":true,"href":"https:\/\/gwadamama.com\/ru\/wp-json\/wp\/v2\/users\/1"}],"replies":[{"embeddable":true,"href":"https:\/\/gwadamama.com\/ru\/wp-json\/wp\/v2\/comments?post=647"}],"version-history":[{"count":5,"href":"https:\/\/gwadamama.com\/ru\/wp-json\/wp\/v2\/pages\/647\/revisions"}],"predecessor-version":[{"id":652,"href":"https:\/\/gwadamama.com\/ru\/wp-json\/wp\/v2\/pages\/647\/revisions\/652"}],"wp:attachment":[{"href":"https:\/\/gwadamama.com\/ru\/wp-json\/wp\/v2\/media?parent=647"}],"curies":[{"name":"wp","href":"https:\/\/api.w.org\/{rel}","templated":true}]}}